{"id":70,"date":"2024-12-25T13:24:17","date_gmt":"2024-12-25T13:24:17","guid":{"rendered":"https:\/\/afonagy.hu\/?page_id=70"},"modified":"2024-12-25T13:25:11","modified_gmt":"2024-12-25T13:25:11","slug":"ddf","status":"publish","type":"page","link":"https:\/\/afonagy.hu\/index.php\/ddf\/","title":{"rendered":"Feliratkoz\u00e1s"},"content":{"rendered":"<div class=\"csd-subscription-form-wrapper\"><form id=\"csd-subscription-form\" method=\"POST\"><label for=\"email\">Email:<\/label><input type=\"email\" name=\"email\" id=\"email\" required><label for=\"domain\">Domain (Optional):<\/label><input type=\"text\" name=\"domain\" id=\"domain\"><label for=\"file_select\">Select Downloadable File:<\/label><select name=\"file_select\" id=\"file_select\" required><option value=\"https:\/\/afonagy.hu\/plugin-updates\/custom-fee-manager.zip\">Egyedi d\u00edjkezel\u0151 WooCommerce-hez<\/option><\/select><button type=\"submit\" class=\"button button-primary\">Subscribe and Download<\/button><\/form><div id=\"csd-message\"><\/div><\/div><style>\r\n        .csd-subscription-form-wrapper {\r\n            background-color: #f9f9f9;\r\n            padding: 20px;\r\n            border-radius: 8px;\r\n            max-width: 500px;\r\n            margin: 0 auto;\r\n            box-shadow: 0 4px 6px rgba(0, 0, 0, 0.1);\r\n        }\r\n\r\n        .csd-subscription-form-wrapper label {\r\n            font-size: 16px;\r\n            margin-bottom: 8px;\r\n            display: block;\r\n        }\r\n\r\n        .csd-subscription-form-wrapper input,\r\n        .csd-subscription-form-wrapper select {\r\n            width: 100%;\r\n            padding: 10px;\r\n            margin-bottom: 15px;\r\n            border-radius: 4px;\r\n            border: 1px solid #ddd;\r\n            font-size: 14px;\r\n        }\r\n\r\n        .csd-subscription-form-wrapper button {\r\n            background-color: #0073aa;\r\n            color: white;\r\n            padding: 10px 20px;\r\n            border: none;\r\n            border-radius: 4px;\r\n            cursor: pointer;\r\n            font-size: 16px;\r\n        }\r\n\r\n        .csd-subscription-form-wrapper button:hover {\r\n            background-color: #005177;\r\n        }\r\n\r\n        #csd-message {\r\n            margin-top: 20px;\r\n            font-size: 16px;\r\n        }\r\n\r\n        #csd-message p {\r\n            margin: 0;\r\n            padding: 10px;\r\n            background-color: #e0ffe0;\r\n            border: 1px solid #d4f7d4;\r\n            border-radius: 4px;\r\n            color: green;\r\n        }\r\n    <\/style><script>\r\n        jQuery(document).ready(function($) {\r\n            $(\"#csd-subscription-form\").on(\"submit\", function(e) {\r\n                e.preventDefault();\r\n\r\n                const formData = {\r\n                    action: \"csd_handle_form\",\r\n                    email: $(\"#email\").val(),\r\n                    domain: $(\"#domain\").val(),\r\n                    file_url: $(\"#file_select\").val(),\r\n                };\r\n\r\n                $.post(csdAjax.ajaxUrl, formData, function(response) {\r\n                    if (response.success) {\r\n                        $(\"#csd-message\").html(\"<p>\" + response.data.message + \"<\/p>\");\r\n                    } else {\r\n                        $(\"#csd-message\").html(\"<p>Error: \" + response.data.message + \"<\/p>\");\r\n                    }\r\n                });\r\n            });\r\n        });\r\n    <\/script>\n","protected":false},"excerpt":{"rendered":"","protected":false},"author":1,"featured_media":0,"parent":0,"menu_order":0,"comment_status":"closed","ping_status":"closed","template":"","meta":{"footnotes":""},"class_list":["post-70","page","type-page","status-publish","hentry"],"yoast_head":"<!-- This site is optimized with the Yoast SEO plugin v24.1 - https:\/\/yoast.com\/wordpress\/plugins\/seo\/ -->\n<title>Feliratkoz\u00e1s - AFONAGY<\/title>\n<meta name=\"robots\" content=\"index, follow, max-snippet:-1, max-image-preview:large, max-video-preview:-1\" \/>\n<link rel=\"canonical\" href=\"https:\/\/afonagy.hu\/index.php\/ddf\/\" \/>\n<meta property=\"og:locale\" content=\"hu_HU\" \/>\n<meta property=\"og:type\" content=\"article\" \/>\n<meta property=\"og:title\" content=\"Feliratkoz\u00e1s - AFONAGY\" \/>\n<meta property=\"og:url\" content=\"https:\/\/afonagy.hu\/index.php\/ddf\/\" \/>\n<meta property=\"og:site_name\" content=\"AFONAGY\" \/>\n<meta property=\"article:modified_time\" content=\"2024-12-25T13:25:11+00:00\" \/>\n<meta name=\"twitter:card\" content=\"summary_large_image\" \/>\n<meta name=\"twitter:label1\" content=\"Becs\u00fclt olvas\u00e1si id\u0151\" \/>\n\t<meta name=\"twitter:data1\" content=\"1 perc\" \/>\n<script type=\"application\/ld+json\" class=\"yoast-schema-graph\">{\"@context\":\"https:\/\/schema.org\",\"@graph\":[{\"@type\":\"WebPage\",\"@id\":\"https:\/\/afonagy.hu\/index.php\/ddf\/\",\"url\":\"https:\/\/afonagy.hu\/index.php\/ddf\/\",\"name\":\"Feliratkoz\u00e1s - AFONAGY\",\"isPartOf\":{\"@id\":\"https:\/\/afonagy.hu\/#website\"},\"datePublished\":\"2024-12-25T13:24:17+00:00\",\"dateModified\":\"2024-12-25T13:25:11+00:00\",\"breadcrumb\":{\"@id\":\"https:\/\/afonagy.hu\/index.php\/ddf\/#breadcrumb\"},\"inLanguage\":\"hu\",\"potentialAction\":[{\"@type\":\"ReadAction\",\"target\":[\"https:\/\/afonagy.hu\/index.php\/ddf\/\"]}]},{\"@type\":\"BreadcrumbList\",\"@id\":\"https:\/\/afonagy.hu\/index.php\/ddf\/#breadcrumb\",\"itemListElement\":[{\"@type\":\"ListItem\",\"position\":1,\"name\":\"Kezd\u0151lap\",\"item\":\"https:\/\/afonagy.hu\/\"},{\"@type\":\"ListItem\",\"position\":2,\"name\":\"Feliratkoz\u00e1s\"}]},{\"@type\":\"WebSite\",\"@id\":\"https:\/\/afonagy.hu\/#website\",\"url\":\"https:\/\/afonagy.hu\/\",\"name\":\"AFONAGY\",\"description\":\"\",\"potentialAction\":[{\"@type\":\"SearchAction\",\"target\":{\"@type\":\"EntryPoint\",\"urlTemplate\":\"https:\/\/afonagy.hu\/?s={search_term_string}\"},\"query-input\":{\"@type\":\"PropertyValueSpecification\",\"valueRequired\":true,\"valueName\":\"search_term_string\"}}],\"inLanguage\":\"hu\"}]}<\/script>\n<!-- \/ Yoast SEO plugin. -->","yoast_head_json":{"title":"Feliratkoz\u00e1s - AFONAGY","robots":{"index":"index","follow":"follow","max-snippet":"max-snippet:-1","max-image-preview":"max-image-preview:large","max-video-preview":"max-video-preview:-1"},"canonical":"https:\/\/afonagy.hu\/index.php\/ddf\/","og_locale":"hu_HU","og_type":"article","og_title":"Feliratkoz\u00e1s - AFONAGY","og_url":"https:\/\/afonagy.hu\/index.php\/ddf\/","og_site_name":"AFONAGY","article_modified_time":"2024-12-25T13:25:11+00:00","twitter_card":"summary_large_image","twitter_misc":{"Becs\u00fclt olvas\u00e1si id\u0151":"1 perc"},"schema":{"@context":"https:\/\/schema.org","@graph":[{"@type":"WebPage","@id":"https:\/\/afonagy.hu\/index.php\/ddf\/","url":"https:\/\/afonagy.hu\/index.php\/ddf\/","name":"Feliratkoz\u00e1s - AFONAGY","isPartOf":{"@id":"https:\/\/afonagy.hu\/#website"},"datePublished":"2024-12-25T13:24:17+00:00","dateModified":"2024-12-25T13:25:11+00:00","breadcrumb":{"@id":"https:\/\/afonagy.hu\/index.php\/ddf\/#breadcrumb"},"inLanguage":"hu","potentialAction":[{"@type":"ReadAction","target":["https:\/\/afonagy.hu\/index.php\/ddf\/"]}]},{"@type":"BreadcrumbList","@id":"https:\/\/afonagy.hu\/index.php\/ddf\/#breadcrumb","itemListElement":[{"@type":"ListItem","position":1,"name":"Kezd\u0151lap","item":"https:\/\/afonagy.hu\/"},{"@type":"ListItem","position":2,"name":"Feliratkoz\u00e1s"}]},{"@type":"WebSite","@id":"https:\/\/afonagy.hu\/#website","url":"https:\/\/afonagy.hu\/","name":"AFONAGY","description":"","potentialAction":[{"@type":"SearchAction","target":{"@type":"EntryPoint","urlTemplate":"https:\/\/afonagy.hu\/?s={search_term_string}"},"query-input":{"@type":"PropertyValueSpecification","valueRequired":true,"valueName":"search_term_string"}}],"inLanguage":"hu"}]}},"_links":{"self":[{"href":"https:\/\/afonagy.hu\/index.php\/wp-json\/wp\/v2\/pages\/70","targetHints":{"allow":["GET"]}}],"collection":[{"href":"https:\/\/afonagy.hu\/index.php\/wp-json\/wp\/v2\/pages"}],"about":[{"href":"https:\/\/afonagy.hu\/index.php\/wp-json\/wp\/v2\/types\/page"}],"author":[{"embeddable":true,"href":"https:\/\/afonagy.hu\/index.php\/wp-json\/wp\/v2\/users\/1"}],"replies":[{"embeddable":true,"href":"https:\/\/afonagy.hu\/index.php\/wp-json\/wp\/v2\/comments?post=70"}],"version-history":[{"count":2,"href":"https:\/\/afonagy.hu\/index.php\/wp-json\/wp\/v2\/pages\/70\/revisions"}],"predecessor-version":[{"id":73,"href":"https:\/\/afonagy.hu\/index.php\/wp-json\/wp\/v2\/pages\/70\/revisions\/73"}],"wp:attachment":[{"href":"https:\/\/afonagy.hu\/index.php\/wp-json\/wp\/v2\/media?parent=70"}],"curies":[{"name":"wp","href":"https:\/\/api.w.org\/{rel}","templated":true}]}}